{"id":7150,"date":"2024-03-10T15:16:14","date_gmt":"2024-03-10T15:16:14","guid":{"rendered":"https:\/\/sevilla.globalcruiseports.com\/short-trips\/"},"modified":"2026-03-09T09:02:40","modified_gmt":"2026-03-09T09:02:40","slug":"viajes-cortos","status":"publish","type":"page","link":"https:\/\/sevillacruiseport.com\/es\/destino\/viajes-cortos\/","title":{"rendered":"Viajes cortos"},"content":{"rendered":"\r\n<section class=\"section page page-bg-light \">\r\n\t<style>\r\n                .page-header-bg {\r\n                    background-image: url(https:\/\/sevillacruiseport.com\/wp-content\/uploads\/sites\/78\/2025\/03\/short-scaled.jpg);\r\n                    background-size: cover;\r\n                    background-position: center;\r\n                }\r\n\t\t\t\t.hero-content{\r\n\t\t\t\t    top: 50%;\r\n    \t\t\t\tposition: absolute;\r\n    \t\t\t\ttransform: translateY(-50%);\r\n\t\t\t\t}\r\n              <\/style><div class=\"page-header-bg pr\">\t<div class=\"container w100\">\r\n\t\t<div class=\"row flex hero-content\">\r\n\t\t\t<div class=\"cl-12 page-header\">\r\n\t\t\t<h5 class=\"uppercase\">\r\n\tDESTINO >  Viajes cortos<\/h5>\r\n\r\n\t\t\t\t<h1><\/h1>\r\n\t\t\t<\/div>\r\n\t\t<\/div>\r\n\t<\/div>\r\n\t<\/div>\r\n<\/section>\r\n\r\n<div class=\"section-page-top-menu-wrapper\">\r\n\t<nav class=\"menu-class\"><ul id=\"menu-destination-spanish\" class=\"menu flex align-i-center justify-c-center\"><li id=\"menu-item-7577\" class=\"menu-item menu-item-type-post_type menu-item-object-page menu-item-7577\"><a href=\"https:\/\/sevillacruiseport.com\/es\/destino\/eventos\/\">Eventos<\/a><\/li>\n<li id=\"menu-item-7578\" class=\"menu-item menu-item-type-post_type menu-item-object-page menu-item-7578\"><a href=\"https:\/\/sevillacruiseport.com\/es\/destino\/principales-atracciones\/\">Principales atracciones<\/a><\/li>\n<li id=\"menu-item-7581\" class=\"menu-item menu-item-type-post_type menu-item-object-page menu-item-7581\"><a href=\"https:\/\/sevillacruiseport.com\/es\/destino\/que-comprar\/\">Qu\u00e9 comprar<\/a><\/li>\n<li id=\"menu-item-7579\" class=\"menu-item menu-item-type-post_type menu-item-object-page menu-item-7579\"><a href=\"https:\/\/sevillacruiseport.com\/es\/destino\/viajes-cortos\/\">Viajes cortos<\/a><\/li>\n<li id=\"menu-item-7582\" class=\"menu-item menu-item-type-post_type menu-item-object-page menu-item-7582\"><a href=\"https:\/\/sevillacruiseport.com\/es\/destino\/consejos-especiales\/\">Consejos especiales<\/a><\/li>\n<\/ul><\/nav><\/div>\r\n\r\n<script>\r\n\tdocument.addEventListener(\"DOMContentLoaded\", function () {\r\n    \/\/ Sadece mobilde \u00e7al\u0131\u015ft\u0131r\r\n    if (window.innerWidth <= 768) {\r\n        var currentMenuItem = document.querySelector(\"#menu-destination .current-menu-item\");\r\n        if (currentMenuItem) {\r\n            currentMenuItem.scrollIntoView({\r\n                behavior: \"smooth\",\r\n                block: \"nearest\",\r\n                inline: \"center\"\r\n            });\r\n        }\r\n    }\r\n});\r\n\r\n<\/script>\r\n\r\n<section class=\"section section-content-title \">\r\n\t<div class=\"container\">\r\n\t\t<div class=\"row flex align-i-center\">\r\n\t\t\t<div class=\"cl-5\">\r\n\t\t\t\t<h3><\/h3>\r\n\t\t\t\t<h2>\r\n\t\t\t\t\tTu gu\u00eda local\t\t\t\t\t<br>\r\n\t\t\t\t\t<span class=\"primary-color\">Escapadas cortas<\/span>\r\n\t\t\t\t<\/h2>\r\n\t\t\t<\/div>\r\n\t\t\t<div class=\"cl-7\">\r\n\t\t\t\t<p class=\"grey-color\">D\u00e9jate guiar por expertos locales hacia emocionantes escapadas cortas, desde monumentos culturales hasta atracciones \u00fanicas y paisajes impresionantes. Descubre experiencias que crear\u00e1n recuerdos inolvidables.<\/p>\r\n\t\t\t<\/div>\r\n\t\t<\/div>\r\n\t<\/div>\r\n<\/section>\r\n\r\n<section class=\"destination-posts-wrapper\">\r\n\t<div class=\"container\">\r\n\t\t<div id=\"posts-list-view\">\r\n\t\t\t<div class=\"row flex\">\r\n\t\t\t\t<div class=\"cl-12\">\r\n\t\t\t\t\t\r\n\t\t\t\t\t\t<div id=\"short-trips-container\" class=\"row flex flex-wrap list-posts\">\r\n\t\t\t\t\t\t\t<div class=\"cl-4\" id=\"pID-6745\">\r\n\t<div class=\"item\">\r\n\t\t<div class=\"post-destinations-listing-image\">\r\n\t\t\t<img decoding=\"async\" src=\"https:\/\/sevillacruiseport.com\/wp-content\/uploads\/sites\/78\/2026\/02\/a1-11-1.png\" alt=\"\" class=\"w100\" \/>\r\n\t\t\t\t\t<\/div>\r\n\t\t\t\t<div class=\"post-destinations-title\" style=\"align-items: start; gap: 20px; min-height: 4rem;\">\r\n\r\n\r\n\r\n\t\t\t<p style=\"max-width: 70%;\">Explorando la hist\u00f3rica Triana<\/p>\r\n\t\t<div class=\"date\">\r\n\t\t\t3.5 Horas\r\n\t\t\t<svg xmlns=\"http:\/\/www.w3.org\/2000\/svg\" width=\"20.471\" height=\"20.471\" viewBox=\"0 0 20.471 20.471\"><path id=\"Icon_awesome-clock\" data-name=\"Icon awesome-clock\" d=\"M10.8.563A10.235,10.235,0,1,0,21.033,10.8,10.234,10.234,0,0,0,10.8.563Zm2.357,14.449-3.64-2.646a.5.5,0,0,1-.2-.4V5.02a.5.5,0,0,1,.5-.5h1.981a.5.5,0,0,1,.5.5V10.7L14.9,12.61a.5.5,0,0,1,.107.693l-1.164,1.6A.5.5,0,0,1,13.154,15.012Z\" transform=\"translate(-0.563 -0.563)\" fill=\"#707070\"\/><\/svg>\r\n\t\t<\/div>\r\n\t\t\t\t<\/div>\r\n\r\n\r\n\t\t<div class=\"post-destinations-summary\">\r\n\t\t\tCruce el r\u00edo Guadalquivir para descubrir Triana, un barrio con una fuerte identidad, conocido por su legendario flamenco y su tradici\u00f3n en la cer\u00e1mica y los azulejos. En esta ruta, podr\u00e1 pasear por el animado paseo junto al r\u00edo, cruzar el puente m\u00e1s emblem\u00e1tico de la ciudad y explorar un distrito lleno de encanto aut\u00e9ntico y bulliciosos mercados locales.\t\t<\/div>\r\n\t\t\t\t\t<div class=\"post-destinations-learn-more\">\r\n\t\t\t\t<a href=\"https:\/\/sevillacruiseport.com\/es\/viajes-cortos\/explorando-la-historica-triana\/\" class=\"cta primary-color\">\r\n\t\t\t\t\tM\u00c1S INFORMACI\u00d3N\r\n\t\t\t\t\t<svg xmlns=\"http:\/\/www.w3.org\/2000\/svg\" width=\"12.828\" height=\"12.829\" viewBox=\"0 0 12.828 12.829\">\r\n\t\t\t\t\t\t<g id=\"Icon_feather-arrow-up-right\" data-name=\"Icon feather-arrow-up-right\"\r\n\t\t\t\t\t\t\ttransform=\"translate(-9.086 -9.086)\">\r\n\t\t\t\t\t\t\t<path id=\"Path_3\" data-name=\"Path 3\" d=\"M10.5,20.5l10-10\" fill=\"none\" class=\"primary-stroke\"\r\n\t\t\t\t\t\t\t\tstroke-linecap=\"round\" stroke-linejoin=\"round\" stroke-width=\"2\"><\/path>\r\n\t\t\t\t\t\t\t<path id=\"Path_4\" data-name=\"Path 4\" d=\"M10.5,10.5h10v10\" fill=\"none\" class=\"primary-stroke\"\r\n\t\t\t\t\t\t\t\tstroke-linecap=\"round\" stroke-linejoin=\"round\" stroke-width=\"2\"><\/path>\r\n\t\t\t\t\t\t<\/g>\r\n\t\t\t\t\t<\/svg>\r\n\t\t\t\t<\/a>\r\n\t\t\t<\/div>\r\n\t\t\r\n\t<\/div>\r\n<\/div><div class=\"cl-4\" id=\"pID-6739\">\r\n\t<div class=\"item\">\r\n\t\t<div class=\"post-destinations-listing-image\">\r\n\t\t\t<img decoding=\"async\" src=\"https:\/\/sevillacruiseport.com\/wp-content\/uploads\/sites\/78\/2026\/02\/a11-1.png\" alt=\"\" class=\"w100\" \/>\r\n\t\t\t\t\t<\/div>\r\n\t\t\t\t<div class=\"post-destinations-title\" style=\"align-items: start; gap: 20px; min-height: 4rem;\">\r\n\r\n\r\n\r\n\t\t\t<p style=\"max-width: 70%;\">Lo m\u00e1s destacado de Santa Cruz<\/p>\r\n\t\t<div class=\"date\">\r\n\t\t\t3 Horas\r\n\t\t\t<svg xmlns=\"http:\/\/www.w3.org\/2000\/svg\" width=\"20.471\" height=\"20.471\" viewBox=\"0 0 20.471 20.471\"><path id=\"Icon_awesome-clock\" data-name=\"Icon awesome-clock\" d=\"M10.8.563A10.235,10.235,0,1,0,21.033,10.8,10.234,10.234,0,0,0,10.8.563Zm2.357,14.449-3.64-2.646a.5.5,0,0,1-.2-.4V5.02a.5.5,0,0,1,.5-.5h1.981a.5.5,0,0,1,.5.5V10.7L14.9,12.61a.5.5,0,0,1,.107.693l-1.164,1.6A.5.5,0,0,1,13.154,15.012Z\" transform=\"translate(-0.563 -0.563)\" fill=\"#707070\"\/><\/svg>\r\n\t\t<\/div>\r\n\t\t\t\t<\/div>\r\n\r\n\r\n\t\t<div class=\"post-destinations-summary\">\r\n\t\t\tAd\u00e9ntrese en el coraz\u00f3n de la rica cultura de Sevilla con un recorrido panor\u00e1mico desde el r\u00edo hasta el hist\u00f3rico barrio jud\u00edo. Esta ruta le gu\u00eda a trav\u00e9s de frondosos jardines y grandes plazas antes de descubrir el encanto de Santa Cruz: un laberinto de estrechas calles con aroma a azahar, patios escondidos y monumental arquitectura g\u00f3tica.\t\t<\/div>\r\n\t\t\t\t\t<div class=\"post-destinations-learn-more\">\r\n\t\t\t\t<a href=\"https:\/\/sevillacruiseport.com\/es\/viajes-cortos\/lo-mas-destacado-de-santa-cruz\/\" class=\"cta primary-color\">\r\n\t\t\t\t\tM\u00c1S INFORMACI\u00d3N\r\n\t\t\t\t\t<svg xmlns=\"http:\/\/www.w3.org\/2000\/svg\" width=\"12.828\" height=\"12.829\" viewBox=\"0 0 12.828 12.829\">\r\n\t\t\t\t\t\t<g id=\"Icon_feather-arrow-up-right\" data-name=\"Icon feather-arrow-up-right\"\r\n\t\t\t\t\t\t\ttransform=\"translate(-9.086 -9.086)\">\r\n\t\t\t\t\t\t\t<path id=\"Path_3\" data-name=\"Path 3\" d=\"M10.5,20.5l10-10\" fill=\"none\" class=\"primary-stroke\"\r\n\t\t\t\t\t\t\t\tstroke-linecap=\"round\" stroke-linejoin=\"round\" stroke-width=\"2\"><\/path>\r\n\t\t\t\t\t\t\t<path id=\"Path_4\" data-name=\"Path 4\" d=\"M10.5,10.5h10v10\" fill=\"none\" class=\"primary-stroke\"\r\n\t\t\t\t\t\t\t\tstroke-linecap=\"round\" stroke-linejoin=\"round\" stroke-width=\"2\"><\/path>\r\n\t\t\t\t\t\t<\/g>\r\n\t\t\t\t\t<\/svg>\r\n\t\t\t\t<\/a>\r\n\t\t\t<\/div>\r\n\t\t\r\n\t<\/div>\r\n<\/div>\t\t\t\t\t\t<\/div>\r\n\t\t\t\t\t\t<!--\r\n\t\t\t\t\t\t<div id=\"load-more-container\">\r\n\t\t\t\t\t\t\t<button id=\"load-more-button\">LOAD MORE<\/button>\r\n\t\t\t\t\t\t<\/div>\r\n\t\t\t\t\t\t-->\r\n\r\n\t\t\t\t\t\t<script>\r\n\t\t\t\t\t\t\tjQuery(function($) {\r\n\t\t\t\t\t\t\t\tvar page = 1;\r\n\t\t\t\t\t\t\t\t$('#load-more-button').on('click', function() {\r\n\t\t\t\t\t\t\t\t\tpage++;\r\n\t\t\t\t\t\t\t\t\tvar data = {\r\n\t\t\t\t\t\t\t\t\t\t'action': 'load_more_shop_dine',\r\n\t\t\t\t\t\t\t\t\t\t'page': page,\r\n\t\t\t\t\t\t\t\t\t};\r\n\t\t\t\t\t\t\t\t\t$.post('https:\/\/sevillacruiseport.com\/wp-admin\/admin-ajax.php', data, function(response) {\r\n\t\t\t\t\t\t\t\t\t\t$('#top-attractions-container').append(response);\r\n\t\t\t\t\t\t\t\t\t\tif (response == '') {\r\n\t\t\t\t\t\t\t\t\t\t\t$('#load-more-button').hide();\r\n\t\t\t\t\t\t\t\t\t\t}\r\n\t\t\t\t\t\t\t\t\t});\r\n\t\t\t\t\t\t\t\t});\r\n\t\t\t\t\t\t\t});\r\n\t\t\t\t\t\t<\/script>\r\n\r\n\t\t\t\t\t\r\n\t\t\t\t<\/div>\r\n\t\t\t<\/div>\r\n\t\t<\/div>\r\n\t<\/div>\r\n<\/section>\r\n\r\n\n\n\r\n\r\n\t<section class=\"section section-content-title section-destinations-others-slider-row footer-space-mr \">\r\n\t\t<div class=\"container\">\r\n\t\t\t<div class=\"row flex align-i-center\">\r\n\t\t\t\t<div class=\"cl-5\">\r\n\t\t\t\t\t\t\t\t\t\t\t<h3>M\u00c1S POR DESCUBRIR<\/h3>\r\n\t\t\t\t\t\t\t\t\t\t<h2>\r\n\t\t\t\t\t\tGu\u00eda del experto \t\t\t\t\t\t<br>\r\n\t\t\t\t\t\t<span class=\"primary-color\">Consejos especiales<\/span>\r\n\t\t\t\t\t<\/h2>\r\n\t\t\t\t<\/div>\r\n\t\t\t\t<div class=\"cl-7\">\r\n\t\t\t\t\t<p class=\"grey-color\">\u00a1Descubre los secretos con consejos especiales! Encuentra recomendaciones exclusivas de los locales para descubrir joyas ocultas, experiencias \u00fanicas y las mejores formas de aprovechar al m\u00e1ximo tu visita.<\/p>\r\n\t\t\t\t<\/div>\r\n\t\t\t<\/div>\r\n\t\t\t<div class=\"row flex align-i-center destination-other-posts-wrapper\">\r\n\t\t\t\t\r\n\t\t\t\t\t\t\t\t\t\t\t\t<div class=\"cl-4\" id=\"pID-6822\">\r\n\t\t\t\t\t\t\t<div class=\"item\">\r\n\t\t\t\t\t\t\t\t<div class=\"post-destinations-listing-image\">\r\n\t\t\t\t\t\t\t\t\t<img decoding=\"async\" src=\"https:\/\/sevillacruiseport.com\/wp-content\/uploads\/sites\/78\/2026\/02\/a1-151-1.png\" alt=\"\" class=\"w100\" \/>\r\n\t\t\t\t\t\t\t\t\t\t\t\t\t\t\t\t\t<\/div>\r\n\t\t\t\t\t\t\t\t<div class=\"post-destinations-title\">\r\n\t\t\t\t\t\t\t\t\tCompra las entradas con antelaci\u00f3n\t\t\t\t\t\t\t\t<\/div>\r\n\t\t\t\t\t\t\t\t<div class=\"post-destinations-learn-more\">\r\n\t\t\t\t\t\t\t\t\t<a href=\"https:\/\/sevillacruiseport.com\/es\/consejos-especiales\/buy-tickets-in-advance\/\" class=\"cta primary-color\">\r\n\t\t\t\t\t\t\t\t\t\tM\u00c1S INFORMACI\u00d3N\t\t\t\t\t\t\t\t\t\t<svg xmlns=\"http:\/\/www.w3.org\/2000\/svg\" width=\"12.828\" height=\"12.829\" viewBox=\"0 0 12.828 12.829\">\r\n\t\t\t\t\t\t\t\t\t\t\t<g id=\"Icon_feather-arrow-up-right\" data-name=\"Icon feather-arrow-up-right\" transform=\"translate(-9.086 -9.086)\">\r\n\t\t\t\t\t\t\t\t\t\t\t\t<path id=\"Path_3\" data-name=\"Path 3\" d=\"M10.5,20.5l10-10\" fill=\"none\" class=\"primary-stroke\" stroke-linecap=\"round\" stroke-linejoin=\"round\" stroke-width=\"2\"><\/path>\r\n\t\t\t\t\t\t\t\t\t\t\t\t<path id=\"Path_4\" data-name=\"Path 4\" d=\"M10.5,10.5h10v10\" fill=\"none\" class=\"primary-stroke\" stroke-linecap=\"round\" stroke-linejoin=\"round\" stroke-width=\"2\"><\/path>\r\n\t\t\t\t\t\t\t\t\t\t\t<\/g>\r\n\t\t\t\t\t\t\t\t\t\t<\/svg>\r\n\t\t\t\t\t\t\t\t\t<\/a>\r\n\t\t\t\t\t\t\t\t<\/div>\r\n\t\t\t\t\t\t\t<\/div>\r\n\t\t\t\t\t\t<\/div>\r\n\r\n\t\t\t\t\r\n\t\t\t\t\t\t\t\t\t\t\t\t<div class=\"cl-4\" id=\"pID-6816\">\r\n\t\t\t\t\t\t\t<div class=\"item\">\r\n\t\t\t\t\t\t\t\t<div class=\"post-destinations-listing-image\">\r\n\t\t\t\t\t\t\t\t\t<img decoding=\"async\" src=\"https:\/\/sevillacruiseport.com\/wp-content\/uploads\/sites\/78\/2026\/02\/a1-12-1.png\" alt=\"\" class=\"w100\" \/>\r\n\t\t\t\t\t\t\t\t\t\t\t\t\t\t\t\t\t<\/div>\r\n\t\t\t\t\t\t\t\t<div class=\"post-destinations-title\">\r\n\t\t\t\t\t\t\t\t\tVive el flamenco en su lugar de origen\t\t\t\t\t\t\t\t<\/div>\r\n\t\t\t\t\t\t\t\t<div class=\"post-destinations-learn-more\">\r\n\t\t\t\t\t\t\t\t\t<a href=\"https:\/\/sevillacruiseport.com\/es\/consejos-especiales\/experience-flamenco-in-its-birthplace\/\" class=\"cta primary-color\">\r\n\t\t\t\t\t\t\t\t\t\tM\u00c1S INFORMACI\u00d3N\t\t\t\t\t\t\t\t\t\t<svg xmlns=\"http:\/\/www.w3.org\/2000\/svg\" width=\"12.828\" height=\"12.829\" viewBox=\"0 0 12.828 12.829\">\r\n\t\t\t\t\t\t\t\t\t\t\t<g id=\"Icon_feather-arrow-up-right\" data-name=\"Icon feather-arrow-up-right\" transform=\"translate(-9.086 -9.086)\">\r\n\t\t\t\t\t\t\t\t\t\t\t\t<path id=\"Path_3\" data-name=\"Path 3\" d=\"M10.5,20.5l10-10\" fill=\"none\" class=\"primary-stroke\" stroke-linecap=\"round\" stroke-linejoin=\"round\" stroke-width=\"2\"><\/path>\r\n\t\t\t\t\t\t\t\t\t\t\t\t<path id=\"Path_4\" data-name=\"Path 4\" d=\"M10.5,10.5h10v10\" fill=\"none\" class=\"primary-stroke\" stroke-linecap=\"round\" stroke-linejoin=\"round\" stroke-width=\"2\"><\/path>\r\n\t\t\t\t\t\t\t\t\t\t\t<\/g>\r\n\t\t\t\t\t\t\t\t\t\t<\/svg>\r\n\t\t\t\t\t\t\t\t\t<\/a>\r\n\t\t\t\t\t\t\t\t<\/div>\r\n\t\t\t\t\t\t\t<\/div>\r\n\t\t\t\t\t\t<\/div>\r\n\r\n\t\t\t\t\r\n\t\t\t\t\t\t\t\t\t\t\t\t<div class=\"cl-4\" id=\"pID-6810\">\r\n\t\t\t\t\t\t\t<div class=\"item\">\r\n\t\t\t\t\t\t\t\t<div class=\"post-destinations-listing-image\">\r\n\t\t\t\t\t\t\t\t\t<img decoding=\"async\" src=\"https:\/\/sevillacruiseport.com\/wp-content\/uploads\/sites\/78\/2026\/02\/a1-14-1.png\" alt=\"\" class=\"w100\" \/>\r\n\t\t\t\t\t\t\t\t\t\t\t\t\t\t\t\t\t<\/div>\r\n\t\t\t\t\t\t\t\t<div class=\"post-destinations-title\">\r\n\t\t\t\t\t\t\t\t\tEmpieza temprano para evitar las multitudes y el calor\t\t\t\t\t\t\t\t<\/div>\r\n\t\t\t\t\t\t\t\t<div class=\"post-destinations-learn-more\">\r\n\t\t\t\t\t\t\t\t\t<a href=\"https:\/\/sevillacruiseport.com\/es\/consejos-especiales\/start-early-to-avoid-crowds-and-heat\/\" class=\"cta primary-color\">\r\n\t\t\t\t\t\t\t\t\t\tM\u00c1S INFORMACI\u00d3N\t\t\t\t\t\t\t\t\t\t<svg xmlns=\"http:\/\/www.w3.org\/2000\/svg\" width=\"12.828\" height=\"12.829\" viewBox=\"0 0 12.828 12.829\">\r\n\t\t\t\t\t\t\t\t\t\t\t<g id=\"Icon_feather-arrow-up-right\" data-name=\"Icon feather-arrow-up-right\" transform=\"translate(-9.086 -9.086)\">\r\n\t\t\t\t\t\t\t\t\t\t\t\t<path id=\"Path_3\" data-name=\"Path 3\" d=\"M10.5,20.5l10-10\" fill=\"none\" class=\"primary-stroke\" stroke-linecap=\"round\" stroke-linejoin=\"round\" stroke-width=\"2\"><\/path>\r\n\t\t\t\t\t\t\t\t\t\t\t\t<path id=\"Path_4\" data-name=\"Path 4\" d=\"M10.5,10.5h10v10\" fill=\"none\" class=\"primary-stroke\" stroke-linecap=\"round\" stroke-linejoin=\"round\" stroke-width=\"2\"><\/path>\r\n\t\t\t\t\t\t\t\t\t\t\t<\/g>\r\n\t\t\t\t\t\t\t\t\t\t<\/svg>\r\n\t\t\t\t\t\t\t\t\t<\/a>\r\n\t\t\t\t\t\t\t\t<\/div>\r\n\t\t\t\t\t\t\t<\/div>\r\n\t\t\t\t\t\t<\/div>\r\n\r\n\t\t\t\t\r\n\t\t\t\t\t\t\t\t\t\t\t\t<div class=\"cl-4\" id=\"pID-6802\">\r\n\t\t\t\t\t\t\t<div class=\"item\">\r\n\t\t\t\t\t\t\t\t<div class=\"post-destinations-listing-image\">\r\n\t\t\t\t\t\t\t\t\t<img decoding=\"async\" src=\"https:\/\/sevillacruiseport.com\/wp-content\/uploads\/sites\/78\/2026\/02\/Special-TIP-4-1.jpg\" alt=\"\" class=\"w100\" \/>\r\n\t\t\t\t\t\t\t\t\t\t\t\t\t\t\t\t\t<\/div>\r\n\t\t\t\t\t\t\t\t<div class=\"post-destinations-title\">\r\n\t\t\t\t\t\t\t\t\tZapatos c\u00f3modos, imprescindibles\t\t\t\t\t\t\t\t<\/div>\r\n\t\t\t\t\t\t\t\t<div class=\"post-destinations-learn-more\">\r\n\t\t\t\t\t\t\t\t\t<a href=\"https:\/\/sevillacruiseport.com\/es\/consejos-especiales\/comfortable-shoes-are-a-must\/\" class=\"cta primary-color\">\r\n\t\t\t\t\t\t\t\t\t\tM\u00c1S INFORMACI\u00d3N\t\t\t\t\t\t\t\t\t\t<svg xmlns=\"http:\/\/www.w3.org\/2000\/svg\" width=\"12.828\" height=\"12.829\" viewBox=\"0 0 12.828 12.829\">\r\n\t\t\t\t\t\t\t\t\t\t\t<g id=\"Icon_feather-arrow-up-right\" data-name=\"Icon feather-arrow-up-right\" transform=\"translate(-9.086 -9.086)\">\r\n\t\t\t\t\t\t\t\t\t\t\t\t<path id=\"Path_3\" data-name=\"Path 3\" d=\"M10.5,20.5l10-10\" fill=\"none\" class=\"primary-stroke\" stroke-linecap=\"round\" stroke-linejoin=\"round\" stroke-width=\"2\"><\/path>\r\n\t\t\t\t\t\t\t\t\t\t\t\t<path id=\"Path_4\" data-name=\"Path 4\" d=\"M10.5,10.5h10v10\" fill=\"none\" class=\"primary-stroke\" stroke-linecap=\"round\" stroke-linejoin=\"round\" stroke-width=\"2\"><\/path>\r\n\t\t\t\t\t\t\t\t\t\t\t<\/g>\r\n\t\t\t\t\t\t\t\t\t\t<\/svg>\r\n\t\t\t\t\t\t\t\t\t<\/a>\r\n\t\t\t\t\t\t\t\t<\/div>\r\n\t\t\t\t\t\t\t<\/div>\r\n\t\t\t\t\t\t<\/div>\r\n\r\n\t\t\t\t\r\n\t\t\t<\/div>\r\n\t\t<\/div>\r\n\t<\/section>\r\n","protected":false},"excerpt":{"rendered":"","protected":false},"author":1,"featured_media":0,"parent":7153,"menu_order":63,"comment_status":"closed","ping_status":"closed","template":"","meta":{"_acf_changed":false,"footnotes":""},"class_list":["post-7150","page","type-page","status-publish","hentry"],"acf":[],"_links":{"self":[{"href":"https:\/\/sevillacruiseport.com\/es\/wp-json\/wp\/v2\/pages\/7150","targetHints":{"allow":["GET"]}}],"collection":[{"href":"https:\/\/sevillacruiseport.com\/es\/wp-json\/wp\/v2\/pages"}],"about":[{"href":"https:\/\/sevillacruiseport.com\/es\/wp-json\/wp\/v2\/types\/page"}],"author":[{"embeddable":true,"href":"https:\/\/sevillacruiseport.com\/es\/wp-json\/wp\/v2\/users\/1"}],"replies":[{"embeddable":true,"href":"https:\/\/sevillacruiseport.com\/es\/wp-json\/wp\/v2\/comments?post=7150"}],"version-history":[{"count":6,"href":"https:\/\/sevillacruiseport.com\/es\/wp-json\/wp\/v2\/pages\/7150\/revisions"}],"predecessor-version":[{"id":9209,"href":"https:\/\/sevillacruiseport.com\/es\/wp-json\/wp\/v2\/pages\/7150\/revisions\/9209"}],"up":[{"embeddable":true,"href":"https:\/\/sevillacruiseport.com\/es\/wp-json\/wp\/v2\/pages\/7153"}],"wp:attachment":[{"href":"https:\/\/sevillacruiseport.com\/es\/wp-json\/wp\/v2\/media?parent=7150"}],"curies":[{"name":"wp","href":"https:\/\/api.w.org\/{rel}","templated":true}]}}