{"id":7499,"date":"2024-03-10T15:14:41","date_gmt":"2024-03-10T15:14:41","guid":{"rendered":"https:\/\/sevilla.globalcruiseports.com\/parking\/"},"modified":"2026-03-09T09:05:17","modified_gmt":"2026-03-09T09:05:17","slug":"aparcamiento","status":"publish","type":"page","link":"https:\/\/sevillacruiseport.com\/es\/aparcamiento\/","title":{"rendered":"Aparcamiento"},"content":{"rendered":"\r\n<section class=\"section page page-bg-light  \">\r\n\t<style>\r\n                .page-header-bg {\r\n                    background-image: url(https:\/\/sevillacruiseport.com\/wp-content\/uploads\/sites\/78\/2025\/05\/DJI_0351-1-scaled.jpg);\r\n                    background-size: cover;\r\n                    background-position: center;\r\n                }\r\n\t\t\t\t.hero-content{\r\n\t\t\t\t    top: 50%;\r\n    \t\t\t\tposition: absolute;\r\n    \t\t\t\ttransform: translateY(-50%);\r\n\t\t\t\t}\r\n              <\/style><div class=\"page-header-bg pr\">\t<div class=\"container w100\">\r\n\t\t<div class=\"row flex hero-content\">\r\n\t\t\t<div class=\"cl-12 page-header\">\r\n\t\t\t\t<h5>Aparcamiento<\/h5>\r\n\t\t\t\t<h1>Aparcamiento<\/h1>\r\n\t\t\t<\/div>\r\n\t\t<\/div>\r\n\t<\/div>\r\n\t<\/div>\r\n<\/section>\r\n\r\n<section class=\"section pb-6\">\r\n\t<div class=\"schedule-container\">\r\n\t\t<div class=\"container\">\r\n\t\t\t<div class=\"row flex align-i-center justify-c-center\">\r\n\t\t\t\t<div class=\"cl-12\">\r\n\t\t\t\t\t<div class=\"\">\r\n\t\t\t\t\t\t<div class=\"row flex page-sub-menu\">\r\n\t\t\t\t\t\t\t<div class=\"cl-12\">\r\n\t\t\t\t\t\t\t\t<nav class=\"menu-class\"><ul id=\"menu-transportation-parking-spanish\" class=\"menu flex align-i-center justify-c-center\"><li id=\"menu-item-7596\" class=\"menu-item menu-item-type-post_type menu-item-object-page menu-item-7596\"><a href=\"https:\/\/sevillacruiseport.com\/es\/transporte\/\">Transporte<\/a><\/li>\n<li id=\"menu-item-7597\" class=\"menu-item menu-item-type-post_type menu-item-object-page menu-item-7597\"><a href=\"https:\/\/sevillacruiseport.com\/es\/aparcamiento\/\">Aparcamiento<\/a><\/li>\n<\/ul><\/nav>\t\t\t\t\t\t\t<\/div>\r\n\t\t\t\t\t\t<\/div>\r\n\t\t\t\t\t\t<div class=\"row flex align-i-center\">\r\n\t\t\t\t\t\t\t<div class=\"cl-5\">\r\n\t\t\t\t\t\t\t\t<h2>\r\n\t\t\t\t\t\t\t\t\tTu aventura \t\t\t\t\t\t\t\t\t<br>\r\n\t\t\t\t\t\t\t\t\t<span class=\"primary-color\">comienza aqu\u00ed<\/span>\r\n\t\t\t\t\t\t\t\t<\/h2>\r\n\t\t\t\t\t\t\t<\/div>\r\n\t\t\t\t\t\t\t<div class=\"cl-7\">\r\n\t\t\t\t\t\t\t\t<p class=\"grey-color\">\u00a1Llegar a Sevilla y salir de la ciudad es muy f\u00e1cil! Ya sea en coche, transporte p\u00fablico u otro medio, encontrar\u00e1s opciones de viaje c\u00f3modas y abundante aparcamiento para garantizar un trayecto sin complicaciones.<\/p>\r\n\t\t\t\t\t\t\t<\/div>\r\n\t\t\t\t\t\t<\/div>\r\n\t\t\t\t\t\t<div class=\"row flex parking-booking-wrapper align-i-center\">\r\n\t\t\t\t\t\t\t<div class=\"cl-4\">\r\n\t\t\t\t\t\t\t\t<h3>Estacionamiento en el Sevilla Cruise Port<\/h3>\r\n\t\t\t\t\t\t\t\t<p><p>Sevilla Cruise Port no dispone de aparcamiento propio; no obstante, existen varios aparcamientos p\u00fablicos situados a poca distancia a pie del terminal. En las inmediaciones del Muelle de las Delicias y en zonas cercanas al centro de la ciudad se pueden encontrar opciones c\u00f3modas y de f\u00e1cil acceso. Se recomienda planificar el estacionamiento con antelaci\u00f3n, especialmente en d\u00edas de alta afluencia.<\/p>\n<\/p>\r\n\t\t\t\t\t\t\t\t\r\n\t\t\t\t\t\t\t<\/div>\r\n\t\t\t\t\t\t\t<div class=\"cl-7 offset-1\">\r\n\t\t\t\t\t\t\t\t<img decoding=\"async\" src=\"https:\/\/sevillacruiseport.com\/wp-content\/uploads\/sites\/78\/2025\/03\/parking-scaled.jpg\" class=\"w100\" alt=\"\" \/>\r\n\t\t\t\t\t\t\t<\/div>\r\n\t\t\t\t\t\t<\/div>\r\n\t\t\t\t\t<\/div>\r\n\t\t\t\t<\/div>\r\n\t\t\t<\/div>\r\n\t\t<\/div>\r\n\t<\/div>\r\n<\/section>\r\n\r\n\r\n\n\n\r\n<style>\r\n\t.section-social-responsibilities .page-header-bg {\r\n\t\tbackground-image: url('https:\/\/sevillacruiseport.com\/wp-content\/uploads\/sites\/78\/2024\/04\/parking-prices-bg.jpg');\r\n\t}\r\n<\/style>\r\n\r\n\n\n\n\n","protected":false},"excerpt":{"rendered":"","protected":false},"author":1,"featured_media":0,"parent":0,"menu_order":34,"comment_status":"closed","ping_status":"closed","template":"","meta":{"_acf_changed":false,"footnotes":""},"class_list":["post-7499","page","type-page","status-publish","hentry"],"acf":[],"_links":{"self":[{"href":"https:\/\/sevillacruiseport.com\/es\/wp-json\/wp\/v2\/pages\/7499","targetHints":{"allow":["GET"]}}],"collection":[{"href":"https:\/\/sevillacruiseport.com\/es\/wp-json\/wp\/v2\/pages"}],"about":[{"href":"https:\/\/sevillacruiseport.com\/es\/wp-json\/wp\/v2\/types\/page"}],"author":[{"embeddable":true,"href":"https:\/\/sevillacruiseport.com\/es\/wp-json\/wp\/v2\/users\/1"}],"replies":[{"embeddable":true,"href":"https:\/\/sevillacruiseport.com\/es\/wp-json\/wp\/v2\/comments?post=7499"}],"version-history":[{"count":8,"href":"https:\/\/sevillacruiseport.com\/es\/wp-json\/wp\/v2\/pages\/7499\/revisions"}],"predecessor-version":[{"id":9221,"href":"https:\/\/sevillacruiseport.com\/es\/wp-json\/wp\/v2\/pages\/7499\/revisions\/9221"}],"wp:attachment":[{"href":"https:\/\/sevillacruiseport.com\/es\/wp-json\/wp\/v2\/media?parent=7499"}],"curies":[{"name":"wp","href":"https:\/\/api.w.org\/{rel}","templated":true}]}}