{"id":7526,"date":"2024-03-08T00:13:30","date_gmt":"2024-03-08T00:13:30","guid":{"rendered":"https:\/\/sevilla.globalcruiseports.com\/contact\/"},"modified":"2026-03-10T06:48:56","modified_gmt":"2026-03-10T06:48:56","slug":"contacto","status":"publish","type":"page","link":"https:\/\/sevillacruiseport.com\/es\/contacto\/","title":{"rendered":"Contacto"},"content":{"rendered":"\r\n\r\n<section class=\"section page page-bg-light \">\r\n\t<style>\r\n                .page-header-bg {\r\n                    background-image: url(https:\/\/sevillacruiseport.com\/wp-content\/uploads\/sites\/78\/2025\/04\/shutterstock_2547484447-scaled.jpg);\r\n                    background-size: cover;\r\n                    background-position: center;\r\n                }\r\n\t\t\t\t.hero-content{\r\n\t\t\t\t    top: 50%;\r\n    \t\t\t\tposition: absolute;\r\n    \t\t\t\ttransform: translateY(-50%);\r\n\t\t\t\t}\r\n              <\/style><div class=\"page-header-bg pr\">\t<div class=\"container w100\">\r\n\t\t<div class=\"row flex hero-content\">\r\n\t\t\t<div class=\"cl-12 page-header\">\r\n\t\t\t\t<h5>\r\n\t\t\t\tContacto\t\t\t\t<\/h5>\r\n\t\t\t\t<h1>Cont\u00e1ctanos<\/h1>\r\n\t\t\t<\/div>\r\n\t\t<\/div>\r\n\t<\/div>\r\n\t<\/div>\r\n<\/section>\n\n<section class=\"section section-content-title page-bg-light\" id=\"page-bg-light\">\r\n\t<div class=\"container\">\r\n\t\t<div class=\"row flex align-i-center\">\r\n\t\t\t<div class=\"cl-5\">\r\n\t\t\t\t\t\t\t\t<h2>\r\n\t\t\t\t\tCont\u00e1ctanos\t\t\t\t\t<br>\r\n\t\t\t\t\t<span class=\"primary-color\">para reclamaciones, sugerencias y m\u00e1s<\/span>\r\n\t\t\t\t<\/h2>\r\n\t\t\t<\/div>\r\n\t\t\t<div class=\"cl-7\">\r\n\t\t\t\t<p class=\"grey-color\"><p>Valoramos tus comentarios y estamos aqu\u00ed para ayudarte con cualquier reclamaci\u00f3n, sugerencia o consulta que tengas. Ponte en contacto con nuestro equipo y nos aseguraremos de atender tus inquietudes r\u00e1pidamente. Tu opini\u00f3n nos ayuda a mejorar y a ofrecer la mejor experiencia posible.<\/p>\n<\/p>\r\n\t\t\t<\/div>\r\n\t\t<\/div>\r\n\t<\/div>\r\n<\/section>\r\n\n\n\r\n<section class=\"section section-contact-content page-bg-light\" id=\"contact-page-form\">\r\n\t<div class=\"container\">\r\n\t\t<div class=\"row flex align-i-start justify-c-center\">\r\n\t\t\t<div class=\"cl-5\">\r\n\t\t\t\t<div class=\"contact-content\">\r\n\t\t\t\t\t<h3>Contacto Empresa<\/h3>\r\n\t\t\t\t\t<p><strong>ADDRESS:<\/strong><br \/>\nMuelle de las Delicias s\/n, Sevilla Cruise Port Terminal, C.P, 41.012, Spain<\/p>\n<p><strong>E-MAIL:\u00a0 \u00a0<\/strong><br \/>\n<strong><a class=\"primary-color\" href=\"mailto:info@sevillacruiseport.com\">info@sevillacruiseport.com<\/a><\/strong><\/p>\n\t\t\t\t<\/div>\r\n\t\t\t\t<div class=\"contact-content\">\r\n\t\t\t\t\t<h3>Contactos de Emergencia<\/h3>\r\n\t\t\t\t\t<p><strong>NOMBRE:<\/strong><br \/>\nBeatrice Rasmini<\/p>\n<p><strong>CARGO:<\/strong><br \/>\nGeneral Manager<\/p>\n<p><strong>TEL\u00c9FONO:<\/strong><br \/>\n<strong><a class=\"primary-color\" href=\"tel:+34 603 849 337\">+34 603 849 337<\/a><\/strong><\/p>\n<p><strong>POLIC\u00cdA:<\/strong><br \/>\n<strong><a class=\"primary-color\" href=\"tel:112\">112<\/a><\/strong><\/p>\n<p><strong>AMBULANCIAS \/ EMERGENCIAS M\u00c9DICAS:<\/strong><br \/>\n<strong><a class=\"primary-color\" href=\"tel:112\">112<\/a><\/strong><\/p>\n<p><strong>BOMBEROS:<\/strong><br \/>\n<strong><a class=\"primary-color\" href=\"tel:112\">112<\/a><\/strong><\/p>\n\t\t\t\t<\/div>\r\n\t\t\t<\/div>\r\n\t\t\t<div class=\"cl-7\">\r\n\t\t\t\t<div class=\"contact-form\">\r\n\t\t\t\t\t<div class=\"contact-form-header\">\r\n\t\t\t\t\t\t<h3>Ponte en contacto<\/h3>\r\n\t\t\t\t\t\t<p>Para consultas sobre el puerto, nuestros servicios, colaboraciones o cualquier otro asunto, cont\u00e1ctanos por tel\u00e9fono o correo electr\u00f3nico. Estamos aqu\u00ed para ayudarte.<\/p>\r\n\t\t\t\t\t<\/div>\r\n\t\t\t\t\t\n<div class=\"wpcf7 no-js\" id=\"wpcf7-f7738-o1\" lang=\"es-ES\" dir=\"ltr\" data-wpcf7-id=\"7738\">\n<div class=\"screen-reader-response\"><p role=\"status\" aria-live=\"polite\" aria-atomic=\"true\"><\/p> <ul><\/ul><\/div>\n<form action=\"\/es\/wp-json\/wp\/v2\/pages\/7526#wpcf7-f7738-o1\" method=\"post\" class=\"wpcf7-form init\" aria-label=\"Formulario de contacto\" novalidate=\"novalidate\" data-status=\"init\">\n<fieldset class=\"hidden-fields-container\"><input type=\"hidden\" name=\"_wpcf7\" value=\"7738\" \/><input type=\"hidden\" name=\"_wpcf7_version\" value=\"6.1.5\" \/><input type=\"hidden\" name=\"_wpcf7_locale\" value=\"es_ES\" \/><input type=\"hidden\" name=\"_wpcf7_unit_tag\" value=\"wpcf7-f7738-o1\" \/><input type=\"hidden\" name=\"_wpcf7_container_post\" value=\"0\" \/><input type=\"hidden\" name=\"_wpcf7_posted_data_hash\" value=\"\" \/><input type=\"hidden\" name=\"_wpcf7_recaptcha_response\" value=\"\" \/>\n<\/fieldset>\n<div class=\"row flex form-group\">\n\t<div class=\"cl-6\">\n\t\t<p><span class=\"wpcf7-form-control-wrap\" data-name=\"form-name\"><input size=\"40\" maxlength=\"400\" class=\"wpcf7-form-control wpcf7-text wpcf7-validates-as-required\" aria-required=\"true\" aria-invalid=\"false\" placeholder=\"Nombre\" value=\"\" type=\"text\" name=\"form-name\" \/><\/span>\n\t\t<\/p>\n\t<\/div>\n\t<div class=\"cl-6\">\n\t\t<p><span class=\"wpcf7-form-control-wrap\" data-name=\"form-surname\"><input size=\"40\" maxlength=\"400\" class=\"wpcf7-form-control wpcf7-text wpcf7-validates-as-required\" aria-required=\"true\" aria-invalid=\"false\" placeholder=\"Apellido\" value=\"\" type=\"text\" name=\"form-surname\" \/><\/span>\n\t\t<\/p>\n\t<\/div>\n<\/div>\n<div class=\"row flex form-group\">\n\t<div class=\"cl-6\">\n\t\t<p><span class=\"wpcf7-form-control-wrap\" data-name=\"form-email\"><input size=\"40\" maxlength=\"400\" class=\"wpcf7-form-control wpcf7-email wpcf7-validates-as-required wpcf7-text wpcf7-validates-as-email\" aria-required=\"true\" aria-invalid=\"false\" placeholder=\"Direcci\u00f3n de correo electr\u00f3nico\" value=\"\" type=\"email\" name=\"form-email\" \/><\/span>\n\t\t<\/p>\n\t<\/div>\n\t<div class=\"cl-6\">\n\t\t<p><span class=\"wpcf7-form-control-wrap\" data-name=\"form-phone\"><input size=\"40\" maxlength=\"400\" class=\"wpcf7-form-control wpcf7-tel wpcf7-validates-as-required wpcf7-text wpcf7-validates-as-tel\" aria-required=\"true\" aria-invalid=\"false\" placeholder=\"N\u00famero de tel\u00e9fono\" value=\"\" type=\"tel\" name=\"form-phone\" \/><\/span>\n\t\t<\/p>\n\t<\/div>\n<\/div>\n<div class=\"row flex form-group\">\n\t<div class=\"cl-12\">\n\t\t<p><span class=\"wpcf7-form-control-wrap\" data-name=\"form-subject\"><select class=\"wpcf7-form-control wpcf7-select wpcf7-validates-as-required\" aria-required=\"true\" aria-invalid=\"false\" name=\"form-subject\"><option value=\"Asunto\">Asunto<\/option><option value=\"Puerto\">Puerto<\/option><option value=\"Servicios de crucero\">Servicios de crucero<\/option><option value=\"Servicios portuarios\">Servicios portuarios<\/option><option value=\"Servicios para la tripulaci\u00f3n\">Servicios para la tripulaci\u00f3n<\/option><\/select><\/span>\n\t\t<\/p>\n\t<\/div>\n<\/div>\n<div class=\"row flex form-group\">\n\t<div class=\"cl-12\">\n\t\t<p><span class=\"wpcf7-form-control-wrap\" data-name=\"form-message\"><textarea cols=\"40\" rows=\"10\" maxlength=\"2000\" class=\"wpcf7-form-control wpcf7-textarea\" aria-invalid=\"false\" placeholder=\"Mensajes\" name=\"form-message\"><\/textarea><\/span>\n\t\t<\/p>\n\t<\/div>\n<\/div>\n<div class=\"row flex form-group\">\n\t<div class=\"cl-7\">\n\t\t<p><span class=\"wpcf7-form-control-wrap\" data-name=\"form-acceptance\"><span class=\"wpcf7-form-control wpcf7-acceptance\"><span class=\"wpcf7-list-item\"><label><input type=\"checkbox\" name=\"form-acceptance\" value=\"1\" aria-invalid=\"false\" \/><span class=\"wpcf7-list-item-label\">Al hacer clic, reconoces y aceptas que tus datos personales ser\u00e1n tratados de forma segura y utilizados exclusivamente para los fines descritos en el Aviso de Privacidad, incluyendo el env\u00edo de comunicaciones comerciales y promocionales. Tienes derecho a retirar tu consentimiento o actualizar tus preferencias en cualquier momento.<\/span><\/label><\/span><\/span><\/span>\n\t\t<\/p>\n\t<\/div>\n\t<div class=\"cl-5\">\n\t\t<p><input class=\"wpcf7-form-control wpcf7-submit has-spinner primary-bg-color\" type=\"submit\" value=\"ENVIAR\" \/>\n\t\t<\/p>\n\t<\/div>\n<\/div><div class=\"wpcf7-response-output\" aria-hidden=\"true\"><\/div>\n<\/form>\n<\/div>\n\t\t\t\t<\/div>\r\n\t\t\t<\/div>\r\n\t\t<\/div>\r\n\t<\/div>\r\n<\/section>\r\n\n\n\r\n<style>\r\n\t.section-contact .page-header-bg {\r\n\t\tbackground-image: url(https:\/\/sevillacruiseport.com\/wp-content\/uploads\/sites\/78\/2024\/03\/useful-communication.jpg);\r\n\t}\r\n<\/style>\r\n\r\n<section class=\"section section-contact page page-bg-light \">\r\n\t<div class=\"page-header-bg flex align-i-center justify-c-start\">\r\n\t\t<div class=\"container w100\">\r\n\t\t\t<div class=\"row flex\">\r\n\t\t\t\t<div class=\"cl-12 page-header\">\r\n\t\t\t\t\t<h1>N\u00fameros de contacto importantes<\/h1>\r\n\t\t\t\t\t<p>Consulta esta lista para contactar con nuestro equipo y los colaboradores del puerto que pueden ayudarte.<\/p>\r\n\t\t\t\t<\/div>\r\n\t\t\t<\/div>\r\n\t\t<\/div>\r\n\t<\/div>\r\n\t<div class=\"page-content-wrapper\">\r\n\t\t<div class=\"container\">\r\n\t\t\t<div class=\"row flex align-i-center justify-c-center\">\r\n\t\t\t\t<div class=\"cl-10\">\r\n\t\t\t\t\t<div class=\"page-bg-white\">\r\n\t\t\t\t\t\t<div class=\"section-contact-useful-communication accordion accordion-ii\">\r\n\t\t\t\t\t\t\t\t\t\t\t\t\t\t\t<div class=\"accordion-header accordion-header-sm black-arrow active first-item\">\r\n\t\t\t\t\t\t\t\t\t<div class=\"row flex\">\r\n\t\t\t\t\t\t\t\t\t\t<div class=\"cl-12\">\r\n\t\t\t\t\t\t\t\t\t\t\tContactos de Emergencia\t\t\t\t\t\t\t\t\t\t<\/div>\r\n\t\t\t\t\t\t\t\t\t<\/div>\r\n\t\t\t\t\t\t\t\t<\/div>\r\n\t\t\t\t\t\t\t\t<div class=\"desktop-accordion-content accordion-content active\">\r\n\t\t\t\t\t\t\t\t\t<div class=\"row flex\">\r\n\t\t\t\t\t\t\t\t\t\t<div class=\"cl-12 accordion-content-light\">\r\n\t\t\t\t\t\t\t\t\t\t\t\t\t\t\t\t\t\t\t\t\t\t\t<div class=\"section-contact-useful-communication-tab-item\">\r\n\t\t\t\t\t\t\t\t\t\t\t\t\t<span class=\"title\">Polic\u00eda<\/span>\r\n\t\t\t\t\t\t\t\t\t\t\t\t\t<span class=\"content\"><p>112<\/p>\n<\/span>\r\n\t\t\t\t\t\t\t\t\t\t\t\t<\/div>\r\n\t\t\t\t\t\t\t\t\t\t\t\t\t\t\t\t\t\t\t\t\t\t\t<div class=\"section-contact-useful-communication-tab-item\">\r\n\t\t\t\t\t\t\t\t\t\t\t\t\t<span class=\"title\">Ambulancias \/ Emergencias m\u00e9dicas<\/span>\r\n\t\t\t\t\t\t\t\t\t\t\t\t\t<span class=\"content\"><p>112<\/p>\n<\/span>\r\n\t\t\t\t\t\t\t\t\t\t\t\t<\/div>\r\n\t\t\t\t\t\t\t\t\t\t\t\t\t\t\t\t\t\t\t\t\t\t\t<div class=\"section-contact-useful-communication-tab-item\">\r\n\t\t\t\t\t\t\t\t\t\t\t\t\t<span class=\"title\">Bomberos<\/span>\r\n\t\t\t\t\t\t\t\t\t\t\t\t\t<span class=\"content\"><p>112<\/p>\n<\/span>\r\n\t\t\t\t\t\t\t\t\t\t\t\t<\/div>\r\n\t\t\t\t\t\t\t\t\t\t\t\t\t\t\t\t\t\t\t\t\t<\/div>\r\n\t\t\t\t\t\t\t\t\t<\/div>\r\n\t\t\t\t\t\t\t\t<\/div>\r\n\t\t\t\t\t\t\t\t\t\t\t\t\t\t\t<div class=\"accordion-header accordion-header-sm black-arrow \">\r\n\t\t\t\t\t\t\t\t\t<div class=\"row flex\">\r\n\t\t\t\t\t\t\t\t\t\t<div class=\"cl-12\">\r\n\t\t\t\t\t\t\t\t\t\t\tContactos Importantes\t\t\t\t\t\t\t\t\t\t<\/div>\r\n\t\t\t\t\t\t\t\t\t<\/div>\r\n\t\t\t\t\t\t\t\t<\/div>\r\n\t\t\t\t\t\t\t\t<div class=\"desktop-accordion-content accordion-content \">\r\n\t\t\t\t\t\t\t\t\t<div class=\"row flex\">\r\n\t\t\t\t\t\t\t\t\t\t<div class=\"cl-12 accordion-content-light\">\r\n\t\t\t\t\t\t\t\t\t\t\t\t\t\t\t\t\t\t\t\t\t\t\t<div class=\"section-contact-useful-communication-tab-item\">\r\n\t\t\t\t\t\t\t\t\t\t\t\t\t<span class=\"title\">Autoridad Portuaria de Sevilla<\/span>\r\n\t\t\t\t\t\t\t\t\t\t\t\t\t<span class=\"content\"><p>+34 954 24 73 00<\/p>\n<\/span>\r\n\t\t\t\t\t\t\t\t\t\t\t\t<\/div>\r\n\t\t\t\t\t\t\t\t\t\t\t\t\t\t\t\t\t\t\t\t\t\t\t<div class=\"section-contact-useful-communication-tab-item\">\r\n\t\t\t\t\t\t\t\t\t\t\t\t\t<span class=\"title\">Sevilla Cruise Port \u2013 Informaci\u00f3n General<\/span>\r\n\t\t\t\t\t\t\t\t\t\t\t\t\t<span class=\"content\"><p>+34 954 24 11 00<\/p>\n<\/span>\r\n\t\t\t\t\t\t\t\t\t\t\t\t<\/div>\r\n\t\t\t\t\t\t\t\t\t\t\t\t\t\t\t\t\t\t\t\t\t\t\t<div class=\"section-contact-useful-communication-tab-item\">\r\n\t\t\t\t\t\t\t\t\t\t\t\t\t<span class=\"title\">Oficina Municipal de Turismo de Sevilla<\/span>\r\n\t\t\t\t\t\t\t\t\t\t\t\t\t<span class=\"content\"><p>+34 955 47 12 32<\/p>\n<\/span>\r\n\t\t\t\t\t\t\t\t\t\t\t\t<\/div>\r\n\t\t\t\t\t\t\t\t\t\t\t\t\t\t\t\t\t\t\t\t\t\t\t<div class=\"section-contact-useful-communication-tab-item\">\r\n\t\t\t\t\t\t\t\t\t\t\t\t\t<span class=\"title\">Oficina de Turismo de Andaluc\u00eda \u2013 Aeropuerto de Sevilla<\/span>\r\n\t\t\t\t\t\t\t\t\t\t\t\t\t<span class=\"content\"><p>+34 954 78 20 35<\/p>\n<\/span>\r\n\t\t\t\t\t\t\t\t\t\t\t\t<\/div>\r\n\t\t\t\t\t\t\t\t\t\t\t\t\t\t\t\t\t\t\t\t\t<\/div>\r\n\t\t\t\t\t\t\t\t\t<\/div>\r\n\t\t\t\t\t\t\t\t<\/div>\r\n\t\t\t\t\t\t\t\t\t\t\t\t\t\t\t<div class=\"accordion-header accordion-header-sm black-arrow \">\r\n\t\t\t\t\t\t\t\t\t<div class=\"row flex\">\r\n\t\t\t\t\t\t\t\t\t\t<div class=\"cl-12\">\r\n\t\t\t\t\t\t\t\t\t\t\tServicios de Salud y Hospitales de Sevilla\t\t\t\t\t\t\t\t\t\t<\/div>\r\n\t\t\t\t\t\t\t\t\t<\/div>\r\n\t\t\t\t\t\t\t\t<\/div>\r\n\t\t\t\t\t\t\t\t<div class=\"desktop-accordion-content accordion-content \">\r\n\t\t\t\t\t\t\t\t\t<div class=\"row flex\">\r\n\t\t\t\t\t\t\t\t\t\t<div class=\"cl-12 accordion-content-light\">\r\n\t\t\t\t\t\t\t\t\t\t\t\t\t\t\t\t\t\t\t\t\t\t\t<div class=\"section-contact-useful-communication-tab-item\">\r\n\t\t\t\t\t\t\t\t\t\t\t\t\t<span class=\"title\">Hospital Universitario Virgen del Roc\u00edo<\/span>\r\n\t\t\t\t\t\t\t\t\t\t\t\t\t<span class=\"content\"><p>+34 955 012 000<\/p>\n<\/span>\r\n\t\t\t\t\t\t\t\t\t\t\t\t<\/div>\r\n\t\t\t\t\t\t\t\t\t\t\t\t\t\t\t\t\t\t\t\t\t\t\t<div class=\"section-contact-useful-communication-tab-item\">\r\n\t\t\t\t\t\t\t\t\t\t\t\t\t<span class=\"title\">Hospital Universitario Virgen Macarena<\/span>\r\n\t\t\t\t\t\t\t\t\t\t\t\t\t<span class=\"content\"><p>+34 955 008 000<\/p>\n<\/span>\r\n\t\t\t\t\t\t\t\t\t\t\t\t<\/div>\r\n\t\t\t\t\t\t\t\t\t\t\t\t\t\t\t\t\t\t\t\t\t\t\t<div class=\"section-contact-useful-communication-tab-item\">\r\n\t\t\t\t\t\t\t\t\t\t\t\t\t<span class=\"title\">Hospital Universitario Virgen de Valme<\/span>\r\n\t\t\t\t\t\t\t\t\t\t\t\t\t<span class=\"content\"><p>+34 955 015 160<\/p>\n<\/span>\r\n\t\t\t\t\t\t\t\t\t\t\t\t<\/div>\r\n\t\t\t\t\t\t\t\t\t\t\t\t\t\t\t\t\t\t\t\t\t\t\t<div class=\"section-contact-useful-communication-tab-item\">\r\n\t\t\t\t\t\t\t\t\t\t\t\t\t<span class=\"title\">Hospital Duques del Infantado<\/span>\r\n\t\t\t\t\t\t\t\t\t\t\t\t\t<span class=\"content\"><p>+34 955 016 300<\/p>\n<\/span>\r\n\t\t\t\t\t\t\t\t\t\t\t\t<\/div>\r\n\t\t\t\t\t\t\t\t\t\t\t\t\t\t\t\t\t\t\t\t\t\t\t<div class=\"section-contact-useful-communication-tab-item\">\r\n\t\t\t\t\t\t\t\t\t\t\t\t\t<span class=\"title\">Hospital de San L\u00e1zaro<\/span>\r\n\t\t\t\t\t\t\t\t\t\t\t\t\t<span class=\"content\"><p>+34 955 017 800<\/p>\n<\/span>\r\n\t\t\t\t\t\t\t\t\t\t\t\t<\/div>\r\n\t\t\t\t\t\t\t\t\t\t\t\t\t\t\t\t\t\t\t\t\t\t\t<div class=\"section-contact-useful-communication-tab-item\">\r\n\t\t\t\t\t\t\t\t\t\t\t\t\t<span class=\"title\">Hospital Miraflores (Public Health Service)<\/span>\r\n\t\t\t\t\t\t\t\t\t\t\t\t\t<span class=\"content\"><p>+34 954 356 080<\/p>\n<\/span>\r\n\t\t\t\t\t\t\t\t\t\t\t\t<\/div>\r\n\t\t\t\t\t\t\t\t\t\t\t\t\t\t\t\t\t\t\t\t\t\t\t<div class=\"section-contact-useful-communication-tab-item\">\r\n\t\t\t\t\t\t\t\t\t\t\t\t\t<span class=\"title\">Cl\u00ednica Infanta Luisa (Private Hospital)<\/span>\r\n\t\t\t\t\t\t\t\t\t\t\t\t\t<span class=\"content\"><p>+34 954 330 100<\/p>\n<\/span>\r\n\t\t\t\t\t\t\t\t\t\t\t\t<\/div>\r\n\t\t\t\t\t\t\t\t\t\t\t\t\t\t\t\t\t\t\t\t\t\t\t<div class=\"section-contact-useful-communication-tab-item\">\r\n\t\t\t\t\t\t\t\t\t\t\t\t\t<span class=\"title\">Red Cross \u2013 Sevilla<\/span>\r\n\t\t\t\t\t\t\t\t\t\t\t\t\t<span class=\"content\"><p>+34 954 351 444<\/p>\n<\/span>\r\n\t\t\t\t\t\t\t\t\t\t\t\t<\/div>\r\n\t\t\t\t\t\t\t\t\t\t\t\t\t\t\t\t\t\t\t\t\t\t\t<div class=\"section-contact-useful-communication-tab-item\">\r\n\t\t\t\t\t\t\t\t\t\t\t\t\t<span class=\"title\">Emergency Medical Services (Ambulance \u2013 Andalusia)<\/span>\r\n\t\t\t\t\t\t\t\t\t\t\t\t\t<span class=\"content\"><p>061<\/p>\n<\/span>\r\n\t\t\t\t\t\t\t\t\t\t\t\t<\/div>\r\n\t\t\t\t\t\t\t\t\t\t\t\t\t\t\t\t\t\t\t\t\t<\/div>\r\n\t\t\t\t\t\t\t\t\t<\/div>\r\n\t\t\t\t\t\t\t\t<\/div>\r\n\t\t\t\t\t\t\t\t\t\t\t\t\t<\/div>\r\n\t\t\t\t\t<\/div>\r\n\t\t\t\t<\/div>\r\n\t\t\t<\/div>\r\n\t\t<\/div>\r\n\t<\/div>\r\n<\/section>\r\n\r\n\r\n\r\n<script>\r\n\tdocument.addEventListener(\"DOMContentLoaded\", function() {\r\n\t\tif (window.innerWidth <= 600) {\r\n\t\t\tdocument.querySelectorAll(\".accordion\").forEach(function(accordion) {\r\n\t\t\t\tconst headers = accordion.querySelectorAll(\".accordion-header\");\r\n\t\t\t\tlet contents = accordion.querySelectorAll(\".desktop-accordion-content\");\r\n\t\t\t\theaders.forEach((header, index) => {\r\n\t\t\t\t\theader.addEventListener(\"click\", function() {\r\n\t\t\t\t\t\tif (contents[index].classList.contains(\"active\")) {\r\n\t\t\t\t\t\t\tcontents[index].classList.remove(\"active\");\r\n\t\t\t\t\t\t\theader.classList.remove(\"active\");\r\n\t\t\t\t\t\t} else {\r\n\t\t\t\t\t\t\tcontents.forEach((c) => c.classList.remove(\"active\"));\r\n\t\t\t\t\t\t\theaders.forEach((h) => h.classList.remove(\"active\"));\r\n\t\t\t\t\t\t\tcontents[index].classList.add(\"active\");\r\n\t\t\t\t\t\t\theader.classList.add(\"active\");\r\n\t\t\t\t\t\t}\r\n\t\t\t\t\t});\r\n\t\t\t\t});\r\n\t\t\t});\r\n\t\t}\r\n\t});\r\n<\/script>","protected":false},"excerpt":{"rendered":"","protected":false},"author":1,"featured_media":0,"parent":0,"menu_order":9,"comment_status":"closed","ping_status":"closed","template":"","meta":{"_acf_changed":false,"footnotes":""},"class_list":["post-7526","page","type-page","status-publish","hentry"],"acf":[],"_links":{"self":[{"href":"https:\/\/sevillacruiseport.com\/es\/wp-json\/wp\/v2\/pages\/7526","targetHints":{"allow":["GET"]}}],"collection":[{"href":"https:\/\/sevillacruiseport.com\/es\/wp-json\/wp\/v2\/pages"}],"about":[{"href":"https:\/\/sevillacruiseport.com\/es\/wp-json\/wp\/v2\/types\/page"}],"author":[{"embeddable":true,"href":"https:\/\/sevillacruiseport.com\/es\/wp-json\/wp\/v2\/users\/1"}],"replies":[{"embeddable":true,"href":"https:\/\/sevillacruiseport.com\/es\/wp-json\/wp\/v2\/comments?post=7526"}],"version-history":[{"count":9,"href":"https:\/\/sevillacruiseport.com\/es\/wp-json\/wp\/v2\/pages\/7526\/revisions"}],"predecessor-version":[{"id":9311,"href":"https:\/\/sevillacruiseport.com\/es\/wp-json\/wp\/v2\/pages\/7526\/revisions\/9311"}],"wp:attachment":[{"href":"https:\/\/sevillacruiseport.com\/es\/wp-json\/wp\/v2\/media?parent=7526"}],"curies":[{"name":"wp","href":"https:\/\/api.w.org\/{rel}","templated":true}]}}